{"id":254,"date":"2023-01-29T23:38:50","date_gmt":"2023-01-29T22:38:50","guid":{"rendered":"https:\/\/www.diebilderwerkstatt-dsk.de\/?page_id=254"},"modified":"2025-08-07T00:55:24","modified_gmt":"2025-08-06T22:55:24","slug":"impressum","status":"publish","type":"page","link":"https:\/\/www.diebilderwerkstatt-dsk.de\/index.php\/impressum\/","title":{"rendered":"Impressum"},"content":{"rendered":"<div class=\"fusion-fullwidth fullwidth-box fusion-builder-row-1 fusion-flex-container nonhundred-percent-fullwidth non-hundred-percent-height-scrolling\" style=\"--awb-border-radius-top-left:0px;--awb-border-radius-top-right:0px;--awb-border-radius-bottom-right:0px;--awb-border-radius-bottom-left:0px;\" ><div class=\"fusion-builder-row fusion-row fusion-flex-align-items-flex-start\" style=\"max-width:1352px;margin-left: calc(-4% \/ 2 );margin-right: calc(-4% \/ 2 );\"><div class=\"fusion-layout-column fusion_builder_column fusion-builder-column-0 fusion_builder_column_1_1 1_1 fusion-flex-column\" style=\"--awb-bg-blend:overlay;--awb-bg-size:cover;--awb-width-large:100%;--awb-margin-top-large:0px;--awb-spacing-right-large:1.92%;--awb-margin-bottom-large:0px;--awb-spacing-left-large:1.92%;--awb-width-medium:100%;--awb-spacing-right-medium:1.92%;--awb-spacing-left-medium:1.92%;--awb-width-small:100%;--awb-spacing-right-small:1.92%;--awb-spacing-left-small:1.92%;\"><div class=\"fusion-column-wrapper fusion-flex-justify-content-flex-start fusion-content-layout-column\"><div class=\"fusion-text fusion-text-1\"><h4>Impressum<\/h4>\n<h3>Angaben gem\u00e4\u00df \u00a7 5 TMG<\/h3>\n<h5><span style=\"color: var(--awb-text-color); font-family: var(--awb-text-font-family); font-size: var(--awb-font-size); font-style: var(--awb-text-font-style); letter-spacing: var(--awb-letter-spacing); text-align: var(--awb-content-alignment); text-transform: var(--awb-text-transform); background-color: var(--awb-bg-color);\">Die Bilderwerkstatt<\/span><\/h5>\n<p>Inh. Dorothea Kubik<br \/>\nAuf der Lehr 33<br \/>\n72116 M\u00f6ssingen<\/p>\n<h4>Kontakt<\/h4>\n<p><span style=\"font-weight: normal;\">Telefon: +49 7473 3782008<\/span><span style=\"font-weight: normal;\"><br \/>\nE-Mail: kubik@diebilderwerkstat-dsk.de<\/span><\/p>\n<h4>Umsatzsteuer-ID<\/h4>\n<p><b>Umsatzsteuer-Identifikationsnummer gem\u00e4\u00df \u00a7 27 a Umsatzsteuergesetz:<\/b><br \/>\nDE242007939<span style=\"color: var(--h4_typography-color); font-family: var(--h4_typography-font-family); font-size: var(--h4_typography-font-size); font-style: var(--h4_typography-font-style,normal); font-weight: var(--h4_typography-font-weight); letter-spacing: var(--h4_typography-letter-spacing); text-transform: var(--h4_typography-text-transform); text-align: var(--awb-content-alignment); background-color: var(--awb-bg-color);\"><br \/>\n<\/span><\/p>\n<p><span style=\"color: var(--h4_typography-color); font-family: var(--h4_typography-font-family); font-size: var(--h4_typography-font-size); font-style: var(--h4_typography-font-style,normal); font-weight: var(--h4_typography-font-weight); letter-spacing: var(--h4_typography-letter-spacing); text-transform: var(--h4_typography-text-transform); text-align: var(--awb-content-alignment); background-color: var(--awb-bg-color);\">Zust\u00e4ndige Kammer<\/span><\/p>\n<p>Handwerkskammer Reutlingen<\/p>\n<h4>Angaben zur Berufs\u00adhaftpflicht\u00adversicherung<\/h4>\n<h5><strong>Name und Sitz des Versicherers:<\/strong><\/h5>\n<p><span style=\"font-weight: normal;\">Helvetia Versicherungen, 61377 Friedrichsdorf, www.helvetia.de<br \/>\n<\/span>Geltungsraum der Versicherung:<br \/>\n<span style=\"font-weight: normal;\">Auf der Lehr 33, 72116 M\u00f6ssingen<\/span><\/p>\n<h4>Bildnachweis:<\/h4>\n<p><a href=\"http:\/\/www.fotonotion.de\" target=\"_blank\" rel=\"noopener\">Christoph Rosenhagen, www.fotonotion.de, M\u00f6ssingen<\/a><\/p>\n<p><a href=\"http:\/\/www.kubik.de\" target=\"_blank\" rel=\"noopener\">Jochen Kubik, Fotografenmeister, www.kubik.de, Ludwigsburg<\/a><\/p>\n<p>Alle auf der Website aufgef\u00fchrten Aufnahmen sind urheberrechtlich gesch\u00fctzt und d\u00fcrfen nur mit ausdr\u00fccklicher Zustimmung kopiert oder f\u00fcr andere Zwecke genutz werden.<\/p>\n<h4>Webdesign:<\/h4>\n<p>Christoph Rosenhagen, webnotion, M\u00f6ssingen<\/p>\n<h4>Redaktionell verantwortlich<\/h4>\n<p><span style=\"font-weight: normal;\">Kubik, Dorothea, Auf der Lehr 33, 72116 M\u00f6ssingen<\/span><\/p>\n<h4>EU-Streitschlichtung<\/h4>\n<p><span style=\"font-weight: normal;\">Die Europ\u00e4ische Kommission stellt eine Plattform zur Online-Streitbeilegung (OS) bereit: <a href=\"https:\/\/ec.europa.eu\/consumers\/odr\/\" target=\"_blank\" rel=\"noopener noreferrer\">https:\/\/ec.europa.eu\/consumers\/odr\/<\/a>.<br \/>\n<\/span><span style=\"font-weight: normal;\"> Unsere E-Mail-Adresse finden Sie oben im Impressum<\/span>.<\/p>\n<h4>Verbraucher\u00adstreit\u00adbeilegung\/Universal\u00adschlichtungs\u00adstelle<\/h4>\n<p><span style=\"font-weight: normal;\">Wir nehmen an einem Streitbeilegungsverfahren vor einer Verbraucherschlichtungsstelle teil. <\/span><\/p>\n<p><span style=\"font-weight: normal;\">Zust\u00e4ndig ist die Universalschlichtungsstelle des Zentrums f\u00fcr Schlichtung e.V., Stra\u00dfburger Stra\u00dfe 8, 77694 Kehl am Rhein (<a href=\"https:\/\/www.verbraucher-schlichter.de\" target=\"_blank\" rel=\"noopener noreferrer\">https:\/\/www.verbraucher-schlichter.de<\/a>).<\/span><\/p>\n<\/div><\/div><\/div><\/div><\/div>\n","protected":false},"excerpt":{"rendered":"","protected":false},"author":1,"featured_media":0,"parent":0,"menu_order":0,"comment_status":"closed","ping_status":"closed","template":"100-width.php","meta":{"footnotes":""},"class_list":["post-254","page","type-page","status-publish","hentry"],"_links":{"self":[{"href":"https:\/\/www.diebilderwerkstatt-dsk.de\/index.php\/wp-json\/wp\/v2\/pages\/254","targetHints":{"allow":["GET"]}}],"collection":[{"href":"https:\/\/www.diebilderwerkstatt-dsk.de\/index.php\/wp-json\/wp\/v2\/pages"}],"about":[{"href":"https:\/\/www.diebilderwerkstatt-dsk.de\/index.php\/wp-json\/wp\/v2\/types\/page"}],"author":[{"embeddable":true,"href":"https:\/\/www.diebilderwerkstatt-dsk.de\/index.php\/wp-json\/wp\/v2\/users\/1"}],"replies":[{"embeddable":true,"href":"https:\/\/www.diebilderwerkstatt-dsk.de\/index.php\/wp-json\/wp\/v2\/comments?post=254"}],"version-history":[{"count":20,"href":"https:\/\/www.diebilderwerkstatt-dsk.de\/index.php\/wp-json\/wp\/v2\/pages\/254\/revisions"}],"predecessor-version":[{"id":1436,"href":"https:\/\/www.diebilderwerkstatt-dsk.de\/index.php\/wp-json\/wp\/v2\/pages\/254\/revisions\/1436"}],"wp:attachment":[{"href":"https:\/\/www.diebilderwerkstatt-dsk.de\/index.php\/wp-json\/wp\/v2\/media?parent=254"}],"curies":[{"name":"wp","href":"https:\/\/api.w.org\/{rel}","templated":true}]}}