{"id":279,"date":"2023-01-30T01:32:11","date_gmt":"2023-01-30T00:32:11","guid":{"rendered":"https:\/\/www.diebilderwerkstatt-dsk.de\/?page_id=279"},"modified":"2026-03-29T13:29:01","modified_gmt":"2026-03-29T11:29:01","slug":"kuenstler-ausstellungsseiten","status":"publish","type":"page","link":"https:\/\/www.diebilderwerkstatt-dsk.de\/index.php\/kuenstler-ausstellungsseiten\/","title":{"rendered":"K\u00fcnstler &#8211; Ausstellungsseiten"},"content":{"rendered":"<p><div class=\"fusion-fullwidth fullwidth-box fusion-builder-row-1 fusion-flex-container nonhundred-percent-fullwidth non-hundred-percent-height-scrolling\" style=\"--awb-border-radius-top-left:0px;--awb-border-radius-top-right:0px;--awb-border-radius-bottom-right:0px;--awb-border-radius-bottom-left:0px;\" ><div class=\"fusion-builder-row fusion-row fusion-flex-align-items-flex-start\" style=\"max-width:1352px;margin-left: calc(-4% \/ 2 );margin-right: calc(-4% \/ 2 );\"><div class=\"fusion-layout-column fusion_builder_column fusion-builder-column-0 fusion_builder_column_1_3 1_3 fusion-flex-column\" style=\"--awb-bg-blend:overlay;--awb-bg-size:cover;--awb-width-large:33.333333333333%;--awb-margin-top-large:0px;--awb-spacing-right-large:5.76%;--awb-margin-bottom-large:0px;--awb-spacing-left-large:5.76%;--awb-width-medium:33.333333333333%;--awb-spacing-right-medium:5.76%;--awb-spacing-left-medium:5.76%;--awb-width-small:100%;--awb-spacing-right-small:1.92%;--awb-spacing-left-small:1.92%;\"><div class=\"fusion-column-wrapper fusion-flex-justify-content-flex-start fusion-content-layout-column\"><div class=\"fusion-image-element \" style=\"--awb-caption-title-size:var(--h2_typography-font-size);--awb-caption-title-transform:var(--h2_typography-text-transform);--awb-caption-title-line-height:var(--h2_typography-line-height);--awb-caption-title-letter-spacing:var(--h2_typography-letter-spacing);\"><span class=\" fusion-imageframe imageframe-none imageframe-1 hover-type-none\"><img decoding=\"async\" width=\"300\" height=\"200\" title=\"00020230500081\" src=\"https:\/\/www.diebilderwerkstatt-dsk.de\/wp-content\/uploads\/2023\/05\/00020230500081-300x200.jpg\" alt class=\"img-responsive wp-image-582\" srcset=\"https:\/\/www.diebilderwerkstatt-dsk.de\/wp-content\/uploads\/2023\/05\/00020230500081-200x133.jpg 200w, https:\/\/www.diebilderwerkstatt-dsk.de\/wp-content\/uploads\/2023\/05\/00020230500081-400x267.jpg 400w, https:\/\/www.diebilderwerkstatt-dsk.de\/wp-content\/uploads\/2023\/05\/00020230500081-600x400.jpg 600w, https:\/\/www.diebilderwerkstatt-dsk.de\/wp-content\/uploads\/2023\/05\/00020230500081-800x533.jpg 800w, https:\/\/www.diebilderwerkstatt-dsk.de\/wp-content\/uploads\/2023\/05\/00020230500081-1200x800.jpg 1200w, https:\/\/www.diebilderwerkstatt-dsk.de\/wp-content\/uploads\/2023\/05\/00020230500081.jpg 1350w\" sizes=\"(max-width: 640px) 100vw, 400px\" \/><\/span><\/div><\/div><\/div><div class=\"fusion-layout-column fusion_builder_column fusion-builder-column-1 fusion_builder_column_1_3 1_3 fusion-flex-column\" style=\"--awb-bg-blend:overlay;--awb-bg-size:cover;--awb-width-large:33.333333333333%;--awb-margin-top-large:0px;--awb-spacing-right-large:5.76%;--awb-margin-bottom-large:0px;--awb-spacing-left-large:5.76%;--awb-width-medium:33.333333333333%;--awb-spacing-right-medium:5.76%;--awb-spacing-left-medium:5.76%;--awb-width-small:100%;--awb-spacing-right-small:1.92%;--awb-spacing-left-small:1.92%;\"><div class=\"fusion-column-wrapper fusion-flex-justify-content-flex-start fusion-content-layout-column\"><div class=\"fusion-image-element \" style=\"--awb-caption-title-size:var(--h2_typography-font-size);--awb-caption-title-transform:var(--h2_typography-text-transform);--awb-caption-title-line-height:var(--h2_typography-line-height);--awb-caption-title-letter-spacing:var(--h2_typography-letter-spacing);\"><span class=\" fusion-imageframe imageframe-none imageframe-2 hover-type-none\"><img decoding=\"async\" width=\"300\" height=\"49\" title=\"20230218_Logo_Galerie KuniKunst\" src=\"https:\/\/www.diebilderwerkstatt-dsk.de\/wp-content\/uploads\/2023\/02\/20230218_Logo_Galerie-KuniKunst-300x49.jpg\" alt class=\"img-responsive wp-image-414\" srcset=\"https:\/\/www.diebilderwerkstatt-dsk.de\/wp-content\/uploads\/2023\/02\/20230218_Logo_Galerie-KuniKunst-200x32.jpg 200w, https:\/\/www.diebilderwerkstatt-dsk.de\/wp-content\/uploads\/2023\/02\/20230218_Logo_Galerie-KuniKunst-400x65.jpg 400w, https:\/\/www.diebilderwerkstatt-dsk.de\/wp-content\/uploads\/2023\/02\/20230218_Logo_Galerie-KuniKunst-600x97.jpg 600w, https:\/\/www.diebilderwerkstatt-dsk.de\/wp-content\/uploads\/2023\/02\/20230218_Logo_Galerie-KuniKunst-800x129.jpg 800w, https:\/\/www.diebilderwerkstatt-dsk.de\/wp-content\/uploads\/2023\/02\/20230218_Logo_Galerie-KuniKunst-1200x194.jpg 1200w, https:\/\/www.diebilderwerkstatt-dsk.de\/wp-content\/uploads\/2023\/02\/20230218_Logo_Galerie-KuniKunst.jpg 1508w\" sizes=\"(max-width: 640px) 100vw, 400px\" \/><\/span><\/div><\/div><\/div><div class=\"fusion-layout-column fusion_builder_column fusion-builder-column-2 fusion_builder_column_1_3 1_3 fusion-flex-column\" style=\"--awb-bg-blend:overlay;--awb-bg-size:cover;--awb-width-large:33.333333333333%;--awb-margin-top-large:0px;--awb-spacing-right-large:5.76%;--awb-margin-bottom-large:0px;--awb-spacing-left-large:5.76%;--awb-width-medium:33.333333333333%;--awb-spacing-right-medium:5.76%;--awb-spacing-left-medium:5.76%;--awb-width-small:100%;--awb-spacing-right-small:1.92%;--awb-spacing-left-small:1.92%;\"><div class=\"fusion-column-wrapper fusion-flex-justify-content-flex-start fusion-content-layout-column\"><div class=\"fusion-image-element \" style=\"--awb-caption-title-size:var(--h2_typography-font-size);--awb-caption-title-transform:var(--h2_typography-text-transform);--awb-caption-title-line-height:var(--h2_typography-line-height);--awb-caption-title-letter-spacing:var(--h2_typography-letter-spacing);\"><span class=\" fusion-imageframe imageframe-none imageframe-3 hover-type-none\"><img decoding=\"async\" width=\"300\" height=\"201\" title=\"20200611_184146\" src=\"https:\/\/www.diebilderwerkstatt-dsk.de\/wp-content\/uploads\/2023\/01\/20200611_184146-300x201.jpg\" alt class=\"img-responsive wp-image-218\" srcset=\"https:\/\/www.diebilderwerkstatt-dsk.de\/wp-content\/uploads\/2023\/01\/20200611_184146-200x134.jpg 200w, https:\/\/www.diebilderwerkstatt-dsk.de\/wp-content\/uploads\/2023\/01\/20200611_184146-400x267.jpg 400w, https:\/\/www.diebilderwerkstatt-dsk.de\/wp-content\/uploads\/2023\/01\/20200611_184146-600x401.jpg 600w, https:\/\/www.diebilderwerkstatt-dsk.de\/wp-content\/uploads\/2023\/01\/20200611_184146-800x535.jpg 800w, https:\/\/www.diebilderwerkstatt-dsk.de\/wp-content\/uploads\/2023\/01\/20200611_184146-1200x802.jpg 1200w, https:\/\/www.diebilderwerkstatt-dsk.de\/wp-content\/uploads\/2023\/01\/20200611_184146.jpg 1346w\" sizes=\"(max-width: 640px) 100vw, 400px\" \/><\/span><\/div><\/div><\/div><\/div><\/div><div class=\"fusion-fullwidth fullwidth-box fusion-builder-row-2 fusion-flex-container has-pattern-background has-mask-background nonhundred-percent-fullwidth non-hundred-percent-height-scrolling\" style=\"--awb-border-radius-top-left:0px;--awb-border-radius-top-right:0px;--awb-border-radius-bottom-right:0px;--awb-border-radius-bottom-left:0px;\" ><div class=\"fusion-builder-row fusion-row fusion-flex-align-items-flex-start\" style=\"max-width:1352px;margin-left: calc(-4% \/ 2 );margin-right: calc(-4% \/ 2 );\"><div class=\"fusion-layout-column fusion_builder_column fusion-builder-column-3 fusion_builder_column_1_1 1_1 fusion-flex-column\" style=\"--awb-bg-size:cover;--awb-width-large:100%;--awb-margin-top-large:20px;--awb-spacing-right-large:1.92%;--awb-margin-bottom-large:20px;--awb-spacing-left-large:1.92%;--awb-width-medium:100%;--awb-order-medium:0;--awb-spacing-right-medium:1.92%;--awb-spacing-left-medium:1.92%;--awb-width-small:100%;--awb-order-small:0;--awb-spacing-right-small:1.92%;--awb-spacing-left-small:1.92%;\"><div class=\"fusion-column-wrapper fusion-column-has-shadow fusion-flex-justify-content-flex-start fusion-content-layout-column\"><div class=\"fusion-text fusion-text-1\"><p><span style=\"color: var(--awb-text-color); font-family: var(--awb-text-font-family); font-size: var(--awb-font-size); font-style: var(--awb-text-font-style); font-weight: var(--awb-text-font-weight); letter-spacing: var(--awb-letter-spacing); text-align: var(--awb-content-alignment); text-transform: var(--awb-text-transform); background-color: var(--awb-bg-color);\">Anfang 2023 \u00f6ffnete die erste Galerie f\u00fcr regionale Kunst in der gro\u00dfen Kreisstadt M\u00f6ssingen ihre Pforten.<\/span><\/p>\n<p>2020 zog Dorothea Kubik mit ihrer Bilderwerkstatt von \u00d6schingen in die Kernstadt M\u00f6ssingen. Schon beim Umzug war die Idee gekeimt, in den neuen, gr\u00f6\u00dferen Bilderwerkstatt-R\u00e4umen nicht nur Bilder und k\u00fcnstlerisch hochwertige Rahmungen anzubieten, sondern auch durch regelm\u00e4\u00dfige Vernissagen regionale Kunstschaffenden eine Ausstellungs und Begegnungsplattform zu bieten.<\/p>\n<p>Dorothea <b>K<\/b>ubik m\u00f6chte mit der angebotenen <b>K<\/b>unst eine vielf\u00e4ltige und anregenden <b>K<\/b>ommunikation schafffen, sozusagen einen dreidimensionalen Raum potenzieren.<\/p>\n<\/div><\/div><\/div><\/div><\/div><div class=\"fusion-fullwidth fullwidth-box fusion-builder-row-3 fusion-flex-container has-pattern-background has-mask-background nonhundred-percent-fullwidth non-hundred-percent-height-scrolling\" style=\"--awb-border-radius-top-left:0px;--awb-border-radius-top-right:0px;--awb-border-radius-bottom-right:0px;--awb-border-radius-bottom-left:0px;\" ><div class=\"fusion-builder-row fusion-row fusion-flex-align-items-flex-start\" style=\"max-width:1352px;margin-left: calc(-4% \/ 2 );margin-right: calc(-4% \/ 2 );\"><div class=\"fusion-layout-column fusion_builder_column fusion-builder-column-4 fusion_builder_column_1_1 1_1 fusion-flex-column\" style=\"--awb-bg-size:cover;--awb-width-large:100%;--awb-margin-top-large:0px;--awb-spacing-right-large:1.92%;--awb-margin-bottom-large:20px;--awb-spacing-left-large:1.92%;--awb-width-medium:100%;--awb-order-medium:0;--awb-spacing-right-medium:1.92%;--awb-spacing-left-medium:1.92%;--awb-width-small:100%;--awb-order-small:0;--awb-spacing-right-small:1.92%;--awb-spacing-left-small:1.92%;\"><div class=\"fusion-column-wrapper fusion-column-has-shadow fusion-flex-justify-content-flex-start fusion-content-layout-column\"><div class=\"fusion-text fusion-text-2\"><h4>April\u00a0 2026<\/h4>\n<h4><img decoding=\"async\" class=\"alignnone size-full wp-image-1566\" src=\"https:\/\/www.diebilderwerkstatt-dsk.de\/wp-content\/uploads\/2026\/02\/20260208_Vom-SuchenFinden_email.jpg\" alt=\"\" width=\"827\" height=\"1169\" srcset=\"https:\/\/www.diebilderwerkstatt-dsk.de\/wp-content\/uploads\/2026\/02\/20260208_Vom-SuchenFinden_email-200x283.jpg 200w, https:\/\/www.diebilderwerkstatt-dsk.de\/wp-content\/uploads\/2026\/02\/20260208_Vom-SuchenFinden_email-212x300.jpg 212w, https:\/\/www.diebilderwerkstatt-dsk.de\/wp-content\/uploads\/2026\/02\/20260208_Vom-SuchenFinden_email-400x565.jpg 400w, https:\/\/www.diebilderwerkstatt-dsk.de\/wp-content\/uploads\/2026\/02\/20260208_Vom-SuchenFinden_email-600x848.jpg 600w, https:\/\/www.diebilderwerkstatt-dsk.de\/wp-content\/uploads\/2026\/02\/20260208_Vom-SuchenFinden_email-724x1024.jpg 724w, https:\/\/www.diebilderwerkstatt-dsk.de\/wp-content\/uploads\/2026\/02\/20260208_Vom-SuchenFinden_email-768x1086.jpg 768w, https:\/\/www.diebilderwerkstatt-dsk.de\/wp-content\/uploads\/2026\/02\/20260208_Vom-SuchenFinden_email-800x1131.jpg 800w, https:\/\/www.diebilderwerkstatt-dsk.de\/wp-content\/uploads\/2026\/02\/20260208_Vom-SuchenFinden_email.jpg 827w\" sizes=\"(max-width: 827px) 100vw, 827px\" \/>\u201c<\/h4>\n<\/div><\/div><\/div><\/div><\/div><div class=\"fusion-fullwidth fullwidth-box fusion-builder-row-4 fusion-flex-container has-pattern-background has-mask-background nonhundred-percent-fullwidth non-hundred-percent-height-scrolling\" style=\"--awb-border-radius-top-left:0px;--awb-border-radius-top-right:0px;--awb-border-radius-bottom-right:0px;--awb-border-radius-bottom-left:0px;\" ><div class=\"fusion-builder-row fusion-row fusion-flex-align-items-flex-start\" style=\"max-width:1352px;margin-left: calc(-4% \/ 2 );margin-right: calc(-4% \/ 2 );\"><div class=\"fusion-layout-column fusion_builder_column fusion-builder-column-5 fusion_builder_column_1_1 1_1 fusion-flex-column\" style=\"--awb-bg-size:cover;--awb-width-large:100%;--awb-margin-top-large:0px;--awb-spacing-right-large:1.92%;--awb-margin-bottom-large:20px;--awb-spacing-left-large:1.92%;--awb-width-medium:100%;--awb-order-medium:0;--awb-spacing-right-medium:1.92%;--awb-spacing-left-medium:1.92%;--awb-width-small:100%;--awb-order-small:0;--awb-spacing-right-small:1.92%;--awb-spacing-left-small:1.92%;\"><div class=\"fusion-column-wrapper fusion-column-has-shadow fusion-flex-justify-content-flex-start fusion-content-layout-column\"><div class=\"fusion-text fusion-text-3\"><h4>Ausstellungen in der Bilderwerkstatt:<\/h4>\n<p>04.2026 &#8211; 09.2026\u00a0 \u00a0 \u00a0Joachim Wolfer &amp; Anne Landenberger &amp; Hans Landenberger, &#8222;Vom Suchen und Finden&#8220;<\/p>\n<p>15.03.2026\u00a0 \u00a0 \u00a0 \u00a0 \u00a0 \u00a0 \u00a0 \u00a0 \u00a0 \u00a0Margret Kipp-Lenkeit &amp; Barbara Wilhelm, &#8222;Malerei &amp; Gedichte&#8220;<\/p>\n<p>07.2025 &#8211; 12.2025\u00a0 \u00a0 \u00a0 Ulrike Holzapffel &amp; Anne Nisch , &#8222;Malerei trifft Fotomalerei&#8220;<\/p>\n<p>03.2023 &#8211; 09.2023\u00a0 \u00a0 Margret Kipp-Lenkeit &amp; Wolfgang Klink, &#8222;Fantasie trifft Geometrie&#8220;<\/p>\n<p>02.2021 &#8211; 12.2022\u00a0 \u00a0 \u00a0Wolfgang Klink, Moderne Kunst, Pastell &#8211; Acrylarbeiten<\/p>\n<p>11.2020 &#8211; 02 2021\u00a0 \u00a0 \u00a0 Christoph Rosenhagen, Fotografien<\/p>\n<p>07.2020 &#8211; 01.2020\u00a0 \u00a0 \u00a0Ulla Althans, Acrylarbeiten<\/p>\n<p>2013\u00a0 \u00a0 \u00a0 \u00a0 \u00a0 \u00a0 \u00a0 \u00a0 \u00a0 \u00a0 \u00a0 \u00a0 \u00a0 \u00a0 \u00a0Spendenaktion: &#8222;Bergrutsch \u00d6schingen&#8220;<\/p>\n<p>2011\u00a0 \u00a0 \u00a0 \u00a0 \u00a0 \u00a0 \u00a0 \u00a0 \u00a0 \u00a0 \u00a0 \u00a0 \u00a0 \u00a0 \u00a0Spendenaktion: &#8222;Kunst f\u00fcr Japan&#8220;<\/p>\n<p>2006\u00a0 \u00a0 \u00a0 \u00a0 \u00a0 \u00a0 \u00a0 \u00a0 \u00a0 \u00a0 \u00a0 \u00a0 \u00a0 \u00a0Brigitte Fuchs, Arbeiten mit Maulbeerrinden<\/p>\n<p>2005\u00a0 \u00a0 \u00a0 \u00a0 \u00a0 \u00a0 \u00a0 \u00a0 \u00a0 \u00a0 \u00a0 \u00a0 \u00a0 \u00a0Ellen Zimmermann-Wendt, \u201e49 Engel und 1 Teufel\u201c, Holzschnitte &amp; Metallskulpuren<\/p>\n<\/div><\/div><\/div><\/div><\/div><\/p>\n","protected":false},"excerpt":{"rendered":"","protected":false},"author":1,"featured_media":0,"parent":0,"menu_order":0,"comment_status":"closed","ping_status":"closed","template":"100-width.php","meta":{"footnotes":""},"class_list":["post-279","page","type-page","status-publish","hentry"],"_links":{"self":[{"href":"https:\/\/www.diebilderwerkstatt-dsk.de\/index.php\/wp-json\/wp\/v2\/pages\/279","targetHints":{"allow":["GET"]}}],"collection":[{"href":"https:\/\/www.diebilderwerkstatt-dsk.de\/index.php\/wp-json\/wp\/v2\/pages"}],"about":[{"href":"https:\/\/www.diebilderwerkstatt-dsk.de\/index.php\/wp-json\/wp\/v2\/types\/page"}],"author":[{"embeddable":true,"href":"https:\/\/www.diebilderwerkstatt-dsk.de\/index.php\/wp-json\/wp\/v2\/users\/1"}],"replies":[{"embeddable":true,"href":"https:\/\/www.diebilderwerkstatt-dsk.de\/index.php\/wp-json\/wp\/v2\/comments?post=279"}],"version-history":[{"count":22,"href":"https:\/\/www.diebilderwerkstatt-dsk.de\/index.php\/wp-json\/wp\/v2\/pages\/279\/revisions"}],"predecessor-version":[{"id":1600,"href":"https:\/\/www.diebilderwerkstatt-dsk.de\/index.php\/wp-json\/wp\/v2\/pages\/279\/revisions\/1600"}],"wp:attachment":[{"href":"https:\/\/www.diebilderwerkstatt-dsk.de\/index.php\/wp-json\/wp\/v2\/media?parent=279"}],"curies":[{"name":"wp","href":"https:\/\/api.w.org\/{rel}","templated":true}]}}