{"id":528,"date":"2023-05-01T21:55:07","date_gmt":"2023-05-01T19:55:07","guid":{"rendered":"https:\/\/www.diebilderwerkstatt-dsk.de\/?page_id=528"},"modified":"2024-04-15T19:17:19","modified_gmt":"2024-04-15T17:17:19","slug":"die-galeristin","status":"publish","type":"page","link":"https:\/\/www.diebilderwerkstatt-dsk.de\/index.php\/die-galeristin\/","title":{"rendered":"Die Galeristin"},"content":{"rendered":"<p><div class=\"fusion-fullwidth fullwidth-box fusion-builder-row-1 fusion-flex-container has-pattern-background has-mask-background nonhundred-percent-fullwidth non-hundred-percent-height-scrolling\" style=\"--awb-border-radius-top-left:0px;--awb-border-radius-top-right:0px;--awb-border-radius-bottom-right:0px;--awb-border-radius-bottom-left:0px;\" ><div class=\"fusion-builder-row fusion-row fusion-flex-align-items-flex-start\" style=\"max-width:1352px;margin-left: calc(-4% \/ 2 );margin-right: calc(-4% \/ 2 );\"><div class=\"fusion-layout-column fusion_builder_column fusion-builder-column-0 fusion_builder_column_1_3 1_3 fusion-flex-column\" style=\"--awb-bg-size:cover;--awb-width-large:33.333333333333%;--awb-margin-top-large:0px;--awb-spacing-right-large:5.76%;--awb-margin-bottom-large:20px;--awb-spacing-left-large:5.76%;--awb-width-medium:33.333333333333%;--awb-order-medium:0;--awb-spacing-right-medium:5.76%;--awb-spacing-left-medium:5.76%;--awb-width-small:100%;--awb-order-small:0;--awb-spacing-right-small:1.92%;--awb-spacing-left-small:1.92%;\"><div class=\"fusion-column-wrapper fusion-column-has-shadow fusion-flex-justify-content-flex-start fusion-content-layout-column\"><div class=\"fusion-image-element \" style=\"--awb-caption-title-size:var(--h2_typography-font-size);--awb-caption-title-transform:var(--h2_typography-text-transform);--awb-caption-title-line-height:var(--h2_typography-line-height);--awb-caption-title-letter-spacing:var(--h2_typography-letter-spacing);\"><span class=\" fusion-imageframe imageframe-none imageframe-1 hover-type-none\"><img decoding=\"async\" width=\"200\" height=\"300\" title=\"00020230202210\" src=\"https:\/\/www.diebilderwerkstatt-dsk.de\/wp-content\/uploads\/2023\/05\/00020230202210-200x300.jpg\" alt class=\"img-responsive wp-image-665\" srcset=\"https:\/\/www.diebilderwerkstatt-dsk.de\/wp-content\/uploads\/2023\/05\/00020230202210-200x300.jpg 200w, https:\/\/www.diebilderwerkstatt-dsk.de\/wp-content\/uploads\/2023\/05\/00020230202210-400x600.jpg 400w, https:\/\/www.diebilderwerkstatt-dsk.de\/wp-content\/uploads\/2023\/05\/00020230202210-600x900.jpg 600w, https:\/\/www.diebilderwerkstatt-dsk.de\/wp-content\/uploads\/2023\/05\/00020230202210-800x1200.jpg 800w, https:\/\/www.diebilderwerkstatt-dsk.de\/wp-content\/uploads\/2023\/05\/00020230202210-1200x1800.jpg 1200w, https:\/\/www.diebilderwerkstatt-dsk.de\/wp-content\/uploads\/2023\/05\/00020230202210-scaled.jpg 1706w\" sizes=\"(max-width: 640px) 100vw, 400px\" \/><\/span><\/div><\/div><\/div><div class=\"fusion-layout-column fusion_builder_column fusion-builder-column-1 fusion_builder_column_2_3 2_3 fusion-flex-column\" style=\"--awb-bg-size:cover;--awb-width-large:66.666666666667%;--awb-margin-top-large:0px;--awb-spacing-right-large:2.88%;--awb-margin-bottom-large:20px;--awb-spacing-left-large:2.88%;--awb-width-medium:66.666666666667%;--awb-order-medium:0;--awb-spacing-right-medium:2.88%;--awb-spacing-left-medium:2.88%;--awb-width-small:100%;--awb-order-small:0;--awb-spacing-right-small:1.92%;--awb-spacing-left-small:1.92%;\"><div class=\"fusion-column-wrapper fusion-column-has-shadow fusion-flex-justify-content-flex-start fusion-content-layout-column\"><div class=\"fusion-text fusion-text-1\"><h2>Dorothea Kubik<\/h2>\n<\/div><\/div><\/div><\/div><\/div><div class=\"fusion-fullwidth fullwidth-box fusion-builder-row-2 fusion-flex-container has-pattern-background has-mask-background nonhundred-percent-fullwidth non-hundred-percent-height-scrolling\" style=\"--awb-border-radius-top-left:0px;--awb-border-radius-top-right:0px;--awb-border-radius-bottom-right:0px;--awb-border-radius-bottom-left:0px;\" ><div class=\"fusion-builder-row fusion-row fusion-flex-align-items-flex-start\" style=\"max-width:1352px;margin-left: calc(-4% \/ 2 );margin-right: calc(-4% \/ 2 );\"><div class=\"fusion-layout-column fusion_builder_column fusion-builder-column-2 fusion_builder_column_1_1 1_1 fusion-flex-column\" style=\"--awb-bg-size:cover;--awb-width-large:100%;--awb-margin-top-large:0px;--awb-spacing-right-large:1.92%;--awb-margin-bottom-large:20px;--awb-spacing-left-large:1.92%;--awb-width-medium:100%;--awb-order-medium:0;--awb-spacing-right-medium:1.92%;--awb-spacing-left-medium:1.92%;--awb-width-small:100%;--awb-order-small:0;--awb-spacing-right-small:1.92%;--awb-spacing-left-small:1.92%;\"><div class=\"fusion-column-wrapper fusion-column-has-shadow fusion-flex-justify-content-flex-start fusion-content-layout-column\"><div class=\"fusion-text fusion-text-2\"><p>Vor 40 Jahren entdeckte Sie die Liebe zur Kunst und lernte in renommierten Hamburger Galerien<br \/>\nund Kunsthandlungen, Bilder gekonnt in Szene zu setzen. Nach dem Umzug in ihre alte Heimat<\/p>\n<p>besuchte Sie das Weiterbildungsseminar des Buchbinder-Collegs in Stuttgart, um dort den Abschluss als &#8220; gepr\u00fcfte Bildeinrahmerin&#8220; zu erlangen.<\/p>\n<p>Im Jahre 2005 erf\u00fcllte sie sich den Wunsch nach einem eigenen Einrahmungsgesch\u00e4ft, zun\u00e4chst im Nebenerwerb, in M\u00f6ssingen-\u00d6schingen. Aus dem Nichts, auf dem Land, gelang es ihr mit viel Herzblut und Engagement Menschen f\u00fcr Ihre Arbeit zu begeistern und Bilder und Objekte bei Dorothea Kubik einrahmen zu lasen.<\/p>\n<p>Bis 2020 erarbeitete sie sich einen gro\u00dfen Kundenstamm, in der ganzen Region. Im Jahre 2019 wagte sie den Sprung in die komplette Selbst\u00e4ndigkeit.<\/p>\n<p>Die K\u00fcndigung der R\u00e4ume im Coronajahr 2020 durch die Vermieter in M\u00f6ssingen-0schingen war ein herber Schlag. Doch in den neuen, lichtdurchfluteten R\u00e4umen in M\u00f6ssingen f\u00fchlte sie sich sofort wohl und so entstand bald und die Idee, \u201eDie Bilderwerkstatt\u201c um eine Galerie zu erweitern.<\/p>\n<p>Mit der Ausstellung \u201eFantasie trifft Geometrie\u201c mit Werken von Margarete Kipp-Lenkeit, Hechingen und Wolfgang Klink, M\u00f6ssingen, geht nun die \u201eGalerie kubiKunst\u201c an den Start.<\/p>\n<p>Die Bilderwerkstatt &#8211; Galerie kubiKunst<\/p>\n<p>Die Kunst der Einrahmung und die Kunst der Ausstellung.<\/p>\n<p>Das Zusammenspiel zwischen Kunst und Handwerk bei der Einrahmung von Bildern und Objekten ist f\u00fcr Dorothea Kubik erf\u00fcllend und herausfordernd zugleich. Mit Freude, Geduld und Engagement werden Kundinnen und Kunden zu allen Themen der Bildeinrahmung in der Bilderwerkstatt beraten. Aus einer fast unersch\u00f6pflichen Auswahl an Rahmungsm\u00f6glichkeiten findet die Einrahmerin oft auf den ersten Griff die passende L\u00f6sung f\u00fcr das Kunstwerk. Die dabei verwendeten Materialen erf\u00fcllen die Anspr\u00fcche einer konservatorischen Einrahmung, sodass die zur Rahmung anvertrauten Kunstwerke f\u00fcr lange erhalten bleiben. Die Empfehlung hochwertige blendfreie UV- Schutzgl\u00e4ser einzusetzen, wird von vielen Kundinnen und Kunden erkannt und gesch\u00e4tzt.<\/p>\n<p>Mit der \u201eGalerie kubiKunst\u201c soll eine erste dauerhafte Galerie in M\u00f6ssingen etabliert werden.<\/p>\n<p>Ihr Wunsch:<\/p>\n<p>Hochwertige moderne Kunst regionaler Kunstschaffenden zu pr\u00e4sentieren und ein Raum der Begegnung und des Austausches anzubieten.<\/p>\n<p><span style=\"color: var(--awb-text-color); font-family: var(--awb-text-font-family); font-size: var(--awb-font-size); font-style: var(--awb-text-font-style); font-weight: var(--awb-text-font-weight); letter-spacing: var(--awb-letter-spacing); text-align: var(--awb-content-alignment); text-transform: var(--awb-text-transform); background-color: var(--awb-bg-color);\">Die lichtdurchfluteten R\u00e4ume laden dazu herzlich ein.<\/span><\/p>\n<p>Bei folgenden Ausstellungen hat sie mitgewirkt:<\/p>\n<p>11.2020 &#8211; 03.2021     Gesundheitszentrum M\u00f6ssingen (GZM) \u201eM\u00f6ssinger Mischung\u201c<\/p>\n<p>07.2019 &#8211; 11.2019      Haus an der Steinlach, M\u00f6ssingen<\/p>\n<p>05.2019 &#8211; 07.2019    Gesundheitszentrum M\u00f6ssingen \u201e100 Jahre Bauhaus -100 Jahre Pausa\u201c<\/p>\n<p>07.2017 &#8211; 11.2017      Tonnenhalle Pausa, M\u00f6ssingen, \u201eWas mich bewegt\u201c<\/p>\n<p>07.2015 &#8211; 11.2015      In den Schaufenstern der Stadt.<span style=\"color: var(--awb-text-color); font-family: var(--awb-text-font-family); font-size: var(--awb-font-size); font-style: var(--awb-text-font-style); font-weight: var(--awb-text-font-weight); letter-spacing: var(--awb-letter-spacing); text-align: var(--awb-content-alignment); text-transform: var(--awb-text-transform); background-color: var(--awb-bg-color);\"> Gemeinsam mit Kunstschaffenden der Partnerstadt von M\u00f6ssingen \u201eSaint Julien-en-Genevois<\/span><\/p>\n<\/div><\/div><\/div><\/div><\/div><\/p>\n","protected":false},"excerpt":{"rendered":"","protected":false},"author":1,"featured_media":0,"parent":0,"menu_order":0,"comment_status":"closed","ping_status":"closed","template":"100-width.php","meta":{"footnotes":""},"class_list":["post-528","page","type-page","status-publish","hentry"],"_links":{"self":[{"href":"https:\/\/www.diebilderwerkstatt-dsk.de\/index.php\/wp-json\/wp\/v2\/pages\/528","targetHints":{"allow":["GET"]}}],"collection":[{"href":"https:\/\/www.diebilderwerkstatt-dsk.de\/index.php\/wp-json\/wp\/v2\/pages"}],"about":[{"href":"https:\/\/www.diebilderwerkstatt-dsk.de\/index.php\/wp-json\/wp\/v2\/types\/page"}],"author":[{"embeddable":true,"href":"https:\/\/www.diebilderwerkstatt-dsk.de\/index.php\/wp-json\/wp\/v2\/users\/1"}],"replies":[{"embeddable":true,"href":"https:\/\/www.diebilderwerkstatt-dsk.de\/index.php\/wp-json\/wp\/v2\/comments?post=528"}],"version-history":[{"count":8,"href":"https:\/\/www.diebilderwerkstatt-dsk.de\/index.php\/wp-json\/wp\/v2\/pages\/528\/revisions"}],"predecessor-version":[{"id":968,"href":"https:\/\/www.diebilderwerkstatt-dsk.de\/index.php\/wp-json\/wp\/v2\/pages\/528\/revisions\/968"}],"wp:attachment":[{"href":"https:\/\/www.diebilderwerkstatt-dsk.de\/index.php\/wp-json\/wp\/v2\/media?parent=528"}],"curies":[{"name":"wp","href":"https:\/\/api.w.org\/{rel}","templated":true}]}}