{"id":540,"date":"2023-05-01T22:33:09","date_gmt":"2023-05-01T20:33:09","guid":{"rendered":"https:\/\/www.diebilderwerkstatt-dsk.de\/?page_id=540"},"modified":"2023-05-01T22:44:13","modified_gmt":"2023-05-01T20:44:13","slug":"kipp-lenkeit-margret","status":"publish","type":"page","link":"https:\/\/www.diebilderwerkstatt-dsk.de\/index.php\/kipp-lenkeit-margret\/","title":{"rendered":"Kipp-Lenkeit, Margret"},"content":{"rendered":"<p><div class=\"fusion-fullwidth fullwidth-box fusion-builder-row-1 fusion-flex-container has-pattern-background has-mask-background nonhundred-percent-fullwidth non-hundred-percent-height-scrolling\" style=\"--awb-border-radius-top-left:0px;--awb-border-radius-top-right:0px;--awb-border-radius-bottom-right:0px;--awb-border-radius-bottom-left:0px;\" ><div class=\"fusion-builder-row fusion-row fusion-flex-align-items-flex-start\" style=\"max-width:1352px;margin-left: calc(-4% \/ 2 );margin-right: calc(-4% \/ 2 );\"><div class=\"fusion-layout-column fusion_builder_column fusion-builder-column-0 fusion_builder_column_1_3 1_3 fusion-flex-column\" style=\"--awb-bg-size:cover;--awb-width-large:33.333333333333%;--awb-margin-top-large:0px;--awb-spacing-right-large:5.76%;--awb-margin-bottom-large:20px;--awb-spacing-left-large:5.76%;--awb-width-medium:33.333333333333%;--awb-order-medium:0;--awb-spacing-right-medium:5.76%;--awb-spacing-left-medium:5.76%;--awb-width-small:100%;--awb-order-small:0;--awb-spacing-right-small:1.92%;--awb-spacing-left-small:1.92%;\"><div class=\"fusion-column-wrapper fusion-column-has-shadow fusion-flex-justify-content-flex-start fusion-content-layout-column\"><div class=\"fusion-image-element \" style=\"--awb-caption-title-size:var(--h2_typography-font-size);--awb-caption-title-transform:var(--h2_typography-text-transform);--awb-caption-title-line-height:var(--h2_typography-line-height);--awb-caption-title-letter-spacing:var(--h2_typography-letter-spacing);\"><span class=\" fusion-imageframe imageframe-none imageframe-1 hover-type-none\"><img decoding=\"async\" width=\"444\" height=\"555\" title=\"P1010791-1\" src=\"https:\/\/www.diebilderwerkstatt-dsk.de\/wp-content\/uploads\/2023\/05\/P1010791-1.jpg\" alt class=\"img-responsive wp-image-541\" srcset=\"https:\/\/www.diebilderwerkstatt-dsk.de\/wp-content\/uploads\/2023\/05\/P1010791-1-200x250.jpg 200w, https:\/\/www.diebilderwerkstatt-dsk.de\/wp-content\/uploads\/2023\/05\/P1010791-1-400x500.jpg 400w, https:\/\/www.diebilderwerkstatt-dsk.de\/wp-content\/uploads\/2023\/05\/P1010791-1.jpg 444w\" sizes=\"(max-width: 640px) 100vw, 400px\" \/><\/span><\/div><\/div><\/div><div class=\"fusion-layout-column fusion_builder_column fusion-builder-column-1 fusion_builder_column_2_3 2_3 fusion-flex-column\" style=\"--awb-bg-size:cover;--awb-width-large:66.666666666667%;--awb-margin-top-large:0px;--awb-spacing-right-large:2.88%;--awb-margin-bottom-large:20px;--awb-spacing-left-large:2.88%;--awb-width-medium:66.666666666667%;--awb-order-medium:0;--awb-spacing-right-medium:2.88%;--awb-spacing-left-medium:2.88%;--awb-width-small:100%;--awb-order-small:0;--awb-spacing-right-small:1.92%;--awb-spacing-left-small:1.92%;\"><div class=\"fusion-column-wrapper fusion-column-has-shadow fusion-flex-justify-content-flex-start fusion-content-layout-column\"><div class=\"fusion-text fusion-text-1\"><h2>Margret Kipp-Lenkeit<\/h2>\n<\/div><\/div><\/div><\/div><\/div><div class=\"fusion-fullwidth fullwidth-box fusion-builder-row-2 fusion-flex-container has-pattern-background has-mask-background nonhundred-percent-fullwidth non-hundred-percent-height-scrolling\" style=\"--awb-border-radius-top-left:0px;--awb-border-radius-top-right:0px;--awb-border-radius-bottom-right:0px;--awb-border-radius-bottom-left:0px;\" ><div class=\"fusion-builder-row fusion-row fusion-flex-align-items-flex-start\" style=\"max-width:1352px;margin-left: calc(-4% \/ 2 );margin-right: calc(-4% \/ 2 );\"><div class=\"fusion-layout-column fusion_builder_column fusion-builder-column-2 fusion_builder_column_1_1 1_1 fusion-flex-column\" style=\"--awb-bg-size:cover;--awb-width-large:100%;--awb-margin-top-large:0px;--awb-spacing-right-large:1.92%;--awb-margin-bottom-large:20px;--awb-spacing-left-large:1.92%;--awb-width-medium:100%;--awb-order-medium:0;--awb-spacing-right-medium:1.92%;--awb-spacing-left-medium:1.92%;--awb-width-small:100%;--awb-order-small:0;--awb-spacing-right-small:1.92%;--awb-spacing-left-small:1.92%;\"><div class=\"fusion-column-wrapper fusion-column-has-shadow fusion-flex-justify-content-flex-start fusion-content-layout-column\"><div class=\"fusion-text fusion-text-2\"><h5>Schon als Sch\u00fclerin schw\u00e4rmte sie f\u00fcr Farben und Gestaltung. \u201eDer Kunstunterricht war mein Lieblingsfach in der Schule\u201c, gesteht Margarete Kipp-Lenkeit noch heute. Doch als es dann darum ging, ein Studienfach zu w\u00e4hlen, sollte es etwas Handfesteres Sein. \u201eDer Trend bei den M\u00e4dchen war damals, Lehrerin zu werden&#8220;, erinnert sich die Malerin. So studierte sie Anglistik und Geografie- \u201edoch die Kunst hat mich nicht mehr losgelassen!&#8220;<\/h5>\n<h5>Diese Leidenschaft teilt sie mit ihrem Mann. \u201eWir haben viele Museen besucht\u201c, sagt die K\u00fcnstlerin aus Hechingen, \u201eKunst zu betrachten war uns immer ein Anliegen!&#8220; So besuchten beide viele Vernissagen, und, wenn sie Zeit hatte, belegte die Malerin in den Ferien Kunstkurse. Das blieb manche Jahre zwangsl\u00e4ufig mehr Hobby &#8211; denn die verantwortliche Position im Leitungsteam einer Schule lie\u00df nicht mehr Zeit zu.<\/h5>\n<h5>Die P\u00e4dagogin freute sich dabei gerade auch \u00fcber K\u00fcnstler, die p\u00e4dagogisches Geschick bewiesen. Den Anfang machte sie bei Andrea Gau\u00df in der \u201eK\u00fcnstlerei im Sudhaus&#8220; in T\u00fcbingen. Der Kurs trug den Titel: Wilde Malerei. \u201eDas kam mir entgegen&#8220;, sagt die Malerin. Sie sp\u00fcrte: \u201eDas ist etwas, was mich fasziniert, da gehe ich hin!&#8220; Weitere Dozenten, allen voran Miriam Vogt, brachten sie schlie\u00dflich auf das sie heute beherrschende Thema- die Arbeit mit Pigmenten.<\/h5>\n<h5>Von einer Farbm\u00fchle im Allg\u00e4u bezieht sie ihre Pigmente &#8211; von der Firma Kremer. Der Gr\u00fcnder, Dr. Kremer, ein Chemiker aus T\u00fcbingen, hatte vor Jahrzehnten eine ehemalige Getreidem\u00fchle gekauft. Mit den historischen Mahlsteinen mahlt sein Unternehmen die Pigmente selbst aus den verschiedensten Gesteinsarten aus. Bei meiner Malerei steht im Vordergrund: \u201eIch dr\u00fccke nicht einfach die Farbe aus der Tube auf Pinsel oder Leinwand, sondern mische die Pigmente selbst an mit einem Bindemittel\u201c, \u201ees ist die Leuchtkraft der Pigmente, die mich begeistert\u201c, erkl\u00e4rt Margarete Kipp-Lenkeit. Beim Malen entstehen sich \u00fcberlagernde Farbfl\u00e4chen, die sich zu Kompositionen entwickeln. \u201eDas Erleben der Natur, Landschaften oder Flurformen sind Quellen der Inspiration\u201c, erkl\u00e4rt die K\u00fcnstlerin. Sie hat die Farbkreise stets im Hintergrund, ihre Intuition hilft ihr im Moment der Gestaltung.<\/h5>\n<h5>\u201eDie Arbeit ist schon stimmungsabh\u00e4ngig\u201c, gibt die K\u00fcnstlerin zu. Ihr Credo lautet: Werke m\u00fcssen wachsen und reifen. \u201eJede Arbeit braucht einen eigenen Reifungsprozess!\u201c<\/h5>\n<h5>Deutungen \u00fcberl\u00e4sst die Malerin den Kunstgenie\u00dfern. \u201eEs liegt immer im Auge des Betrachters, was jeder darin sieht\u201c, betont die K\u00fcnstlerin. \u201eIch will den Spielraum des Betrachters nicht einschr\u00e4nken!&#8220; Ihr wichtigstes Anliegen: \u201eIch m\u00f6chte, dass die Menschen die Werke gerne anschauen!&#8220; Sie will nichts Verkopftes und Kompliziertes schaffen, sondern: \u201cIch will, dass die Menschen an den Farben und Formen Freude haben!&#8220;<\/h5>\n<\/div><\/div><\/div><\/div><\/div><div class=\"fusion-fullwidth fullwidth-box fusion-builder-row-3 fusion-flex-container has-pattern-background has-mask-background nonhundred-percent-fullwidth non-hundred-percent-height-scrolling\" style=\"--awb-border-radius-top-left:0px;--awb-border-radius-top-right:0px;--awb-border-radius-bottom-right:0px;--awb-border-radius-bottom-left:0px;\" ><div class=\"fusion-builder-row fusion-row fusion-flex-align-items-flex-start\" style=\"max-width:1352px;margin-left: calc(-4% \/ 2 );margin-right: calc(-4% \/ 2 );\"><div class=\"fusion-layout-column fusion_builder_column fusion-builder-column-3 fusion_builder_column_1_1 1_1 fusion-flex-column\" style=\"--awb-bg-size:cover;--awb-width-large:100%;--awb-margin-top-large:0px;--awb-spacing-right-large:1.92%;--awb-margin-bottom-large:20px;--awb-spacing-left-large:1.92%;--awb-width-medium:100%;--awb-order-medium:0;--awb-spacing-right-medium:1.92%;--awb-spacing-left-medium:1.92%;--awb-width-small:100%;--awb-order-small:0;--awb-spacing-right-small:1.92%;--awb-spacing-left-small:1.92%;\"><div class=\"fusion-column-wrapper fusion-column-has-shadow fusion-flex-justify-content-flex-start fusion-content-layout-column\"><div class=\"awb-gallery-wrapper awb-gallery-wrapper-1 button-span-no\" style=\"--more-btn-alignment:center;\"><div style=\"margin:-5px;--awb-bordersize:0px;\" class=\"fusion-gallery fusion-gallery-container fusion-grid-3 fusion-columns-total-12 fusion-gallery-layout-grid fusion-gallery-1\"><div style=\"padding:5px;\" class=\"fusion-grid-column fusion-gallery-column fusion-gallery-column-3 hover-type-none\"><div class=\"fusion-gallery-image\"><a href=\"https:\/\/www.diebilderwerkstatt-dsk.de\/wp-content\/uploads\/2023\/05\/09_00020230202001.jpg\" rel=\"noreferrer\" data-rel=\"iLightbox[gallery_image_1]\" class=\"fusion-lightbox\" target=\"_self\"><img decoding=\"async\" src=\"https:\/\/www.diebilderwerkstatt-dsk.de\/wp-content\/uploads\/2023\/05\/09_00020230202001.jpg\" width=\"1259\" height=\"900\" alt=\"\" title=\"09_00020230202001\" aria-label=\"09_00020230202001\" class=\"img-responsive wp-image-546\" srcset=\"https:\/\/www.diebilderwerkstatt-dsk.de\/wp-content\/uploads\/2023\/05\/09_00020230202001-200x143.jpg 200w, https:\/\/www.diebilderwerkstatt-dsk.de\/wp-content\/uploads\/2023\/05\/09_00020230202001-400x286.jpg 400w, https:\/\/www.diebilderwerkstatt-dsk.de\/wp-content\/uploads\/2023\/05\/09_00020230202001-600x429.jpg 600w, https:\/\/www.diebilderwerkstatt-dsk.de\/wp-content\/uploads\/2023\/05\/09_00020230202001-800x572.jpg 800w, https:\/\/www.diebilderwerkstatt-dsk.de\/wp-content\/uploads\/2023\/05\/09_00020230202001-1200x858.jpg 1200w, https:\/\/www.diebilderwerkstatt-dsk.de\/wp-content\/uploads\/2023\/05\/09_00020230202001.jpg 1259w\" sizes=\"(min-width: 2200px) 100vw, (min-width: 784px) 430px, (min-width: 712px) 645px, (min-width: 640px) 712px, \" \/><\/a><\/div><\/div><div style=\"padding:5px;\" class=\"fusion-grid-column fusion-gallery-column fusion-gallery-column-3 hover-type-none\"><div class=\"fusion-gallery-image\"><a href=\"https:\/\/www.diebilderwerkstatt-dsk.de\/wp-content\/uploads\/2023\/05\/10_00020230200531.jpg\" rel=\"noreferrer\" data-rel=\"iLightbox[gallery_image_1]\" class=\"fusion-lightbox\" target=\"_self\"><img decoding=\"async\" src=\"https:\/\/www.diebilderwerkstatt-dsk.de\/wp-content\/uploads\/2023\/05\/10_00020230200531.jpg\" width=\"900\" height=\"900\" alt=\"\" title=\"10_00020230200531\" aria-label=\"10_00020230200531\" class=\"img-responsive wp-image-547\" srcset=\"https:\/\/www.diebilderwerkstatt-dsk.de\/wp-content\/uploads\/2023\/05\/10_00020230200531-200x200.jpg 200w, https:\/\/www.diebilderwerkstatt-dsk.de\/wp-content\/uploads\/2023\/05\/10_00020230200531-400x400.jpg 400w, https:\/\/www.diebilderwerkstatt-dsk.de\/wp-content\/uploads\/2023\/05\/10_00020230200531-600x600.jpg 600w, https:\/\/www.diebilderwerkstatt-dsk.de\/wp-content\/uploads\/2023\/05\/10_00020230200531-800x800.jpg 800w, https:\/\/www.diebilderwerkstatt-dsk.de\/wp-content\/uploads\/2023\/05\/10_00020230200531.jpg 900w\" sizes=\"(min-width: 2200px) 100vw, (min-width: 784px) 430px, (min-width: 712px) 645px, (min-width: 640px) 712px, \" \/><\/a><\/div><\/div><div style=\"padding:5px;\" class=\"fusion-grid-column fusion-gallery-column fusion-gallery-column-3 hover-type-none\"><div class=\"fusion-gallery-image\"><a href=\"https:\/\/www.diebilderwerkstatt-dsk.de\/wp-content\/uploads\/2023\/05\/11_00020230200871.jpg\" rel=\"noreferrer\" data-rel=\"iLightbox[gallery_image_1]\" class=\"fusion-lightbox\" target=\"_self\"><img decoding=\"async\" src=\"https:\/\/www.diebilderwerkstatt-dsk.de\/wp-content\/uploads\/2023\/05\/11_00020230200871.jpg\" width=\"900\" height=\"900\" alt=\"\" title=\"11_00020230200871\" aria-label=\"11_00020230200871\" class=\"img-responsive wp-image-548\" srcset=\"https:\/\/www.diebilderwerkstatt-dsk.de\/wp-content\/uploads\/2023\/05\/11_00020230200871-200x200.jpg 200w, https:\/\/www.diebilderwerkstatt-dsk.de\/wp-content\/uploads\/2023\/05\/11_00020230200871-400x400.jpg 400w, https:\/\/www.diebilderwerkstatt-dsk.de\/wp-content\/uploads\/2023\/05\/11_00020230200871-600x600.jpg 600w, https:\/\/www.diebilderwerkstatt-dsk.de\/wp-content\/uploads\/2023\/05\/11_00020230200871-800x800.jpg 800w, https:\/\/www.diebilderwerkstatt-dsk.de\/wp-content\/uploads\/2023\/05\/11_00020230200871.jpg 900w\" sizes=\"(min-width: 2200px) 100vw, (min-width: 784px) 430px, (min-width: 712px) 645px, (min-width: 640px) 712px, \" \/><\/a><\/div><\/div><div class=\"clearfix\"><\/div><div style=\"padding:5px;\" class=\"fusion-grid-column fusion-gallery-column fusion-gallery-column-3 hover-type-none\"><div class=\"fusion-gallery-image\"><a href=\"https:\/\/www.diebilderwerkstatt-dsk.de\/wp-content\/uploads\/2023\/05\/12_00020230201041.jpg\" rel=\"noreferrer\" data-rel=\"iLightbox[gallery_image_1]\" class=\"fusion-lightbox\" target=\"_self\"><img decoding=\"async\" src=\"https:\/\/www.diebilderwerkstatt-dsk.de\/wp-content\/uploads\/2023\/05\/12_00020230201041.jpg\" width=\"890\" height=\"900\" alt=\"\" title=\"12_00020230201041\" aria-label=\"12_00020230201041\" class=\"img-responsive wp-image-549\" srcset=\"https:\/\/www.diebilderwerkstatt-dsk.de\/wp-content\/uploads\/2023\/05\/12_00020230201041-200x202.jpg 200w, https:\/\/www.diebilderwerkstatt-dsk.de\/wp-content\/uploads\/2023\/05\/12_00020230201041-400x404.jpg 400w, https:\/\/www.diebilderwerkstatt-dsk.de\/wp-content\/uploads\/2023\/05\/12_00020230201041-600x607.jpg 600w, https:\/\/www.diebilderwerkstatt-dsk.de\/wp-content\/uploads\/2023\/05\/12_00020230201041-800x809.jpg 800w, https:\/\/www.diebilderwerkstatt-dsk.de\/wp-content\/uploads\/2023\/05\/12_00020230201041.jpg 890w\" sizes=\"(min-width: 2200px) 100vw, (min-width: 784px) 430px, (min-width: 712px) 645px, (min-width: 640px) 712px, \" \/><\/a><\/div><\/div><div style=\"padding:5px;\" class=\"fusion-grid-column fusion-gallery-column fusion-gallery-column-3 hover-type-none\"><div class=\"fusion-gallery-image\"><a href=\"https:\/\/www.diebilderwerkstatt-dsk.de\/wp-content\/uploads\/2023\/05\/01_00020230201251.jpg\" rel=\"noreferrer\" data-rel=\"iLightbox[gallery_image_1]\" class=\"fusion-lightbox\" target=\"_self\"><img decoding=\"async\" src=\"https:\/\/www.diebilderwerkstatt-dsk.de\/wp-content\/uploads\/2023\/05\/01_00020230201251.jpg\" width=\"808\" height=\"900\" alt=\"\" title=\"01_00020230201251\" aria-label=\"01_00020230201251\" class=\"img-responsive wp-image-550\" srcset=\"https:\/\/www.diebilderwerkstatt-dsk.de\/wp-content\/uploads\/2023\/05\/01_00020230201251-200x223.jpg 200w, https:\/\/www.diebilderwerkstatt-dsk.de\/wp-content\/uploads\/2023\/05\/01_00020230201251-400x446.jpg 400w, https:\/\/www.diebilderwerkstatt-dsk.de\/wp-content\/uploads\/2023\/05\/01_00020230201251-600x668.jpg 600w, https:\/\/www.diebilderwerkstatt-dsk.de\/wp-content\/uploads\/2023\/05\/01_00020230201251-800x891.jpg 800w, https:\/\/www.diebilderwerkstatt-dsk.de\/wp-content\/uploads\/2023\/05\/01_00020230201251.jpg 808w\" sizes=\"(min-width: 2200px) 100vw, (min-width: 784px) 430px, (min-width: 712px) 645px, (min-width: 640px) 712px, \" \/><\/a><\/div><\/div><div style=\"padding:5px;\" class=\"fusion-grid-column fusion-gallery-column fusion-gallery-column-3 hover-type-none\"><div class=\"fusion-gallery-image\"><a href=\"https:\/\/www.diebilderwerkstatt-dsk.de\/wp-content\/uploads\/2023\/05\/02_00020230200441.jpg\" rel=\"noreferrer\" data-rel=\"iLightbox[gallery_image_1]\" class=\"fusion-lightbox\" target=\"_self\"><img decoding=\"async\" src=\"https:\/\/www.diebilderwerkstatt-dsk.de\/wp-content\/uploads\/2023\/05\/02_00020230200441.jpg\" width=\"1042\" height=\"900\" alt=\"\" title=\"02_00020230200441\" aria-label=\"02_00020230200441\" class=\"img-responsive wp-image-551\" srcset=\"https:\/\/www.diebilderwerkstatt-dsk.de\/wp-content\/uploads\/2023\/05\/02_00020230200441-200x173.jpg 200w, https:\/\/www.diebilderwerkstatt-dsk.de\/wp-content\/uploads\/2023\/05\/02_00020230200441-400x345.jpg 400w, https:\/\/www.diebilderwerkstatt-dsk.de\/wp-content\/uploads\/2023\/05\/02_00020230200441-600x518.jpg 600w, https:\/\/www.diebilderwerkstatt-dsk.de\/wp-content\/uploads\/2023\/05\/02_00020230200441-800x691.jpg 800w, https:\/\/www.diebilderwerkstatt-dsk.de\/wp-content\/uploads\/2023\/05\/02_00020230200441.jpg 1042w\" sizes=\"(min-width: 2200px) 100vw, (min-width: 784px) 430px, (min-width: 712px) 645px, (min-width: 640px) 712px, \" \/><\/a><\/div><\/div><div class=\"clearfix\"><\/div><div style=\"padding:5px;\" class=\"fusion-grid-column fusion-gallery-column fusion-gallery-column-3 hover-type-none\"><div class=\"fusion-gallery-image\"><a href=\"https:\/\/www.diebilderwerkstatt-dsk.de\/wp-content\/uploads\/2023\/05\/03_00020230200471.jpg\" rel=\"noreferrer\" data-rel=\"iLightbox[gallery_image_1]\" class=\"fusion-lightbox\" target=\"_self\"><img decoding=\"async\" src=\"https:\/\/www.diebilderwerkstatt-dsk.de\/wp-content\/uploads\/2023\/05\/03_00020230200471.jpg\" width=\"1198\" height=\"900\" alt=\"\" title=\"03_00020230200471\" aria-label=\"03_00020230200471\" class=\"img-responsive wp-image-552\" srcset=\"https:\/\/www.diebilderwerkstatt-dsk.de\/wp-content\/uploads\/2023\/05\/03_00020230200471-200x150.jpg 200w, https:\/\/www.diebilderwerkstatt-dsk.de\/wp-content\/uploads\/2023\/05\/03_00020230200471-400x301.jpg 400w, https:\/\/www.diebilderwerkstatt-dsk.de\/wp-content\/uploads\/2023\/05\/03_00020230200471-600x451.jpg 600w, https:\/\/www.diebilderwerkstatt-dsk.de\/wp-content\/uploads\/2023\/05\/03_00020230200471-800x601.jpg 800w, https:\/\/www.diebilderwerkstatt-dsk.de\/wp-content\/uploads\/2023\/05\/03_00020230200471.jpg 1198w\" sizes=\"(min-width: 2200px) 100vw, (min-width: 784px) 430px, (min-width: 712px) 645px, (min-width: 640px) 712px, \" \/><\/a><\/div><\/div><div style=\"padding:5px;\" class=\"fusion-grid-column fusion-gallery-column fusion-gallery-column-3 hover-type-none\"><div class=\"fusion-gallery-image\"><a href=\"https:\/\/www.diebilderwerkstatt-dsk.de\/wp-content\/uploads\/2023\/05\/04_00020230200491.jpg\" rel=\"noreferrer\" data-rel=\"iLightbox[gallery_image_1]\" class=\"fusion-lightbox\" target=\"_self\"><img decoding=\"async\" src=\"https:\/\/www.diebilderwerkstatt-dsk.de\/wp-content\/uploads\/2023\/05\/04_00020230200491.jpg\" width=\"900\" height=\"900\" alt=\"\" title=\"04_00020230200491\" aria-label=\"04_00020230200491\" class=\"img-responsive wp-image-553\" srcset=\"https:\/\/www.diebilderwerkstatt-dsk.de\/wp-content\/uploads\/2023\/05\/04_00020230200491-200x200.jpg 200w, https:\/\/www.diebilderwerkstatt-dsk.de\/wp-content\/uploads\/2023\/05\/04_00020230200491-400x400.jpg 400w, https:\/\/www.diebilderwerkstatt-dsk.de\/wp-content\/uploads\/2023\/05\/04_00020230200491-600x600.jpg 600w, https:\/\/www.diebilderwerkstatt-dsk.de\/wp-content\/uploads\/2023\/05\/04_00020230200491-800x800.jpg 800w, https:\/\/www.diebilderwerkstatt-dsk.de\/wp-content\/uploads\/2023\/05\/04_00020230200491.jpg 900w\" sizes=\"(min-width: 2200px) 100vw, (min-width: 784px) 430px, (min-width: 712px) 645px, (min-width: 640px) 712px, \" \/><\/a><\/div><\/div><div style=\"padding:5px;\" class=\"fusion-grid-column fusion-gallery-column fusion-gallery-column-3 hover-type-none\"><div class=\"fusion-gallery-image\"><a href=\"https:\/\/www.diebilderwerkstatt-dsk.de\/wp-content\/uploads\/2023\/05\/05_00020230200501.jpg\" rel=\"noreferrer\" data-rel=\"iLightbox[gallery_image_1]\" class=\"fusion-lightbox\" target=\"_self\"><img decoding=\"async\" src=\"https:\/\/www.diebilderwerkstatt-dsk.de\/wp-content\/uploads\/2023\/05\/05_00020230200501.jpg\" width=\"900\" height=\"900\" alt=\"\" title=\"05_00020230200501\" aria-label=\"05_00020230200501\" class=\"img-responsive wp-image-554\" srcset=\"https:\/\/www.diebilderwerkstatt-dsk.de\/wp-content\/uploads\/2023\/05\/05_00020230200501-200x200.jpg 200w, https:\/\/www.diebilderwerkstatt-dsk.de\/wp-content\/uploads\/2023\/05\/05_00020230200501-400x400.jpg 400w, https:\/\/www.diebilderwerkstatt-dsk.de\/wp-content\/uploads\/2023\/05\/05_00020230200501-600x600.jpg 600w, https:\/\/www.diebilderwerkstatt-dsk.de\/wp-content\/uploads\/2023\/05\/05_00020230200501-800x800.jpg 800w, https:\/\/www.diebilderwerkstatt-dsk.de\/wp-content\/uploads\/2023\/05\/05_00020230200501.jpg 900w\" sizes=\"(min-width: 2200px) 100vw, (min-width: 784px) 430px, (min-width: 712px) 645px, (min-width: 640px) 712px, \" \/><\/a><\/div><\/div><div class=\"clearfix\"><\/div><div style=\"padding:5px;\" class=\"fusion-grid-column fusion-gallery-column fusion-gallery-column-3 hover-type-none\"><div class=\"fusion-gallery-image\"><a href=\"https:\/\/www.diebilderwerkstatt-dsk.de\/wp-content\/uploads\/2023\/05\/06_00020230201981.jpg\" rel=\"noreferrer\" data-rel=\"iLightbox[gallery_image_1]\" class=\"fusion-lightbox\" target=\"_self\"><img decoding=\"async\" src=\"https:\/\/www.diebilderwerkstatt-dsk.de\/wp-content\/uploads\/2023\/05\/06_00020230201981.jpg\" width=\"689\" height=\"900\" alt=\"\" title=\"06_00020230201981\" aria-label=\"06_00020230201981\" class=\"img-responsive wp-image-555\" srcset=\"https:\/\/www.diebilderwerkstatt-dsk.de\/wp-content\/uploads\/2023\/05\/06_00020230201981-200x261.jpg 200w, https:\/\/www.diebilderwerkstatt-dsk.de\/wp-content\/uploads\/2023\/05\/06_00020230201981-400x522.jpg 400w, https:\/\/www.diebilderwerkstatt-dsk.de\/wp-content\/uploads\/2023\/05\/06_00020230201981-600x784.jpg 600w, https:\/\/www.diebilderwerkstatt-dsk.de\/wp-content\/uploads\/2023\/05\/06_00020230201981.jpg 689w\" sizes=\"(min-width: 2200px) 100vw, (min-width: 784px) 430px, (min-width: 712px) 645px, (min-width: 640px) 712px, \" \/><\/a><\/div><\/div><div style=\"padding:5px;\" class=\"fusion-grid-column fusion-gallery-column fusion-gallery-column-3 hover-type-none\"><div class=\"fusion-gallery-image\"><a href=\"https:\/\/www.diebilderwerkstatt-dsk.de\/wp-content\/uploads\/2023\/05\/07_00020230202021.jpg\" rel=\"noreferrer\" data-rel=\"iLightbox[gallery_image_1]\" class=\"fusion-lightbox\" target=\"_self\"><img decoding=\"async\" src=\"https:\/\/www.diebilderwerkstatt-dsk.de\/wp-content\/uploads\/2023\/05\/07_00020230202021.jpg\" width=\"693\" height=\"900\" alt=\"\" title=\"07_00020230202021\" aria-label=\"07_00020230202021\" class=\"img-responsive wp-image-556\" srcset=\"https:\/\/www.diebilderwerkstatt-dsk.de\/wp-content\/uploads\/2023\/05\/07_00020230202021-200x260.jpg 200w, https:\/\/www.diebilderwerkstatt-dsk.de\/wp-content\/uploads\/2023\/05\/07_00020230202021-400x519.jpg 400w, https:\/\/www.diebilderwerkstatt-dsk.de\/wp-content\/uploads\/2023\/05\/07_00020230202021-600x779.jpg 600w, https:\/\/www.diebilderwerkstatt-dsk.de\/wp-content\/uploads\/2023\/05\/07_00020230202021.jpg 693w\" sizes=\"(min-width: 2200px) 100vw, (min-width: 784px) 430px, (min-width: 712px) 645px, (min-width: 640px) 712px, \" \/><\/a><\/div><\/div><div style=\"padding:5px;\" class=\"fusion-grid-column fusion-gallery-column fusion-gallery-column-3 hover-type-none\"><div class=\"fusion-gallery-image\"><a href=\"https:\/\/www.diebilderwerkstatt-dsk.de\/wp-content\/uploads\/2023\/05\/08_00020230202041.jpg\" rel=\"noreferrer\" data-rel=\"iLightbox[gallery_image_1]\" class=\"fusion-lightbox\" target=\"_self\"><img decoding=\"async\" src=\"https:\/\/www.diebilderwerkstatt-dsk.de\/wp-content\/uploads\/2023\/05\/08_00020230202041.jpg\" width=\"693\" height=\"900\" alt=\"\" title=\"08_00020230202041\" aria-label=\"08_00020230202041\" class=\"img-responsive wp-image-557\" srcset=\"https:\/\/www.diebilderwerkstatt-dsk.de\/wp-content\/uploads\/2023\/05\/08_00020230202041-200x260.jpg 200w, https:\/\/www.diebilderwerkstatt-dsk.de\/wp-content\/uploads\/2023\/05\/08_00020230202041-400x519.jpg 400w, https:\/\/www.diebilderwerkstatt-dsk.de\/wp-content\/uploads\/2023\/05\/08_00020230202041-600x779.jpg 600w, https:\/\/www.diebilderwerkstatt-dsk.de\/wp-content\/uploads\/2023\/05\/08_00020230202041.jpg 693w\" sizes=\"(min-width: 2200px) 100vw, (min-width: 784px) 430px, (min-width: 712px) 645px, (min-width: 640px) 712px, \" \/><\/a><\/div><\/div><div class=\"clearfix\"><\/div><\/div><\/div><\/div><\/div><\/div><\/div><\/p>\n","protected":false},"excerpt":{"rendered":"","protected":false},"author":1,"featured_media":0,"parent":0,"menu_order":0,"comment_status":"closed","ping_status":"closed","template":"100-width.php","meta":{"footnotes":""},"class_list":["post-540","page","type-page","status-publish","hentry"],"_links":{"self":[{"href":"https:\/\/www.diebilderwerkstatt-dsk.de\/index.php\/wp-json\/wp\/v2\/pages\/540","targetHints":{"allow":["GET"]}}],"collection":[{"href":"https:\/\/www.diebilderwerkstatt-dsk.de\/index.php\/wp-json\/wp\/v2\/pages"}],"about":[{"href":"https:\/\/www.diebilderwerkstatt-dsk.de\/index.php\/wp-json\/wp\/v2\/types\/page"}],"author":[{"embeddable":true,"href":"https:\/\/www.diebilderwerkstatt-dsk.de\/index.php\/wp-json\/wp\/v2\/users\/1"}],"replies":[{"embeddable":true,"href":"https:\/\/www.diebilderwerkstatt-dsk.de\/index.php\/wp-json\/wp\/v2\/comments?post=540"}],"version-history":[{"count":4,"href":"https:\/\/www.diebilderwerkstatt-dsk.de\/index.php\/wp-json\/wp\/v2\/pages\/540\/revisions"}],"predecessor-version":[{"id":559,"href":"https:\/\/www.diebilderwerkstatt-dsk.de\/index.php\/wp-json\/wp\/v2\/pages\/540\/revisions\/559"}],"wp:attachment":[{"href":"https:\/\/www.diebilderwerkstatt-dsk.de\/index.php\/wp-json\/wp\/v2\/media?parent=540"}],"curies":[{"name":"wp","href":"https:\/\/api.w.org\/{rel}","templated":true}]}}