{"id":740,"date":"2023-11-24T23:15:06","date_gmt":"2023-11-24T22:15:06","guid":{"rendered":"https:\/\/www.diebilderwerkstatt-dsk.de\/?page_id=740"},"modified":"2023-11-24T23:21:54","modified_gmt":"2023-11-24T22:21:54","slug":"april-dezember-2023-fantasie-trifft-geometrie-cloned","status":"publish","type":"page","link":"https:\/\/www.diebilderwerkstatt-dsk.de\/index.php\/april-dezember-2023-fantasie-trifft-geometrie-cloned\/","title":{"rendered":"2. Dezember 2023 Kunst-Versteigerung  \u201eSchn\u00e4ppchen &#038; H\u00e4ppchen\u201c f\u00fcr einen guten Zweck"},"content":{"rendered":"<p><div class=\"fusion-fullwidth fullwidth-box fusion-builder-row-1 fusion-flex-container has-pattern-background has-mask-background nonhundred-percent-fullwidth non-hundred-percent-height-scrolling\" style=\"--awb-border-radius-top-left:0px;--awb-border-radius-top-right:0px;--awb-border-radius-bottom-right:0px;--awb-border-radius-bottom-left:0px;\" ><div class=\"fusion-builder-row fusion-row fusion-flex-align-items-flex-start\" style=\"max-width:1352px;margin-left: calc(-4% \/ 2 );margin-right: calc(-4% \/ 2 );\"><div class=\"fusion-layout-column fusion_builder_column fusion-builder-column-0 fusion_builder_column_1_3 1_3 fusion-flex-column\" style=\"--awb-bg-size:cover;--awb-width-large:33.333333333333%;--awb-margin-top-large:0px;--awb-spacing-right-large:5.76%;--awb-margin-bottom-large:20px;--awb-spacing-left-large:5.76%;--awb-width-medium:33.333333333333%;--awb-order-medium:0;--awb-spacing-right-medium:5.76%;--awb-spacing-left-medium:5.76%;--awb-width-small:100%;--awb-order-small:0;--awb-spacing-right-small:1.92%;--awb-spacing-left-small:1.92%;\"><div class=\"fusion-column-wrapper fusion-column-has-shadow fusion-flex-justify-content-flex-start fusion-content-layout-column\"><div class=\"fusion-image-element \" style=\"--awb-caption-title-size:var(--h2_typography-font-size);--awb-caption-title-transform:var(--h2_typography-text-transform);--awb-caption-title-line-height:var(--h2_typography-line-height);--awb-caption-title-letter-spacing:var(--h2_typography-letter-spacing);\"><span class=\" fusion-imageframe imageframe-none imageframe-1 hover-type-none\"><img decoding=\"async\" width=\"300\" height=\"200\" title=\"251202304O4281180\" src=\"https:\/\/www.diebilderwerkstatt-dsk.de\/wp-content\/uploads\/2023\/05\/251202304O4281180-300x200.jpg\" alt class=\"img-responsive wp-image-636\" srcset=\"https:\/\/www.diebilderwerkstatt-dsk.de\/wp-content\/uploads\/2023\/05\/251202304O4281180-200x133.jpg 200w, https:\/\/www.diebilderwerkstatt-dsk.de\/wp-content\/uploads\/2023\/05\/251202304O4281180-400x267.jpg 400w, https:\/\/www.diebilderwerkstatt-dsk.de\/wp-content\/uploads\/2023\/05\/251202304O4281180-600x400.jpg 600w, https:\/\/www.diebilderwerkstatt-dsk.de\/wp-content\/uploads\/2023\/05\/251202304O4281180-800x533.jpg 800w, https:\/\/www.diebilderwerkstatt-dsk.de\/wp-content\/uploads\/2023\/05\/251202304O4281180-1200x800.jpg 1200w, https:\/\/www.diebilderwerkstatt-dsk.de\/wp-content\/uploads\/2023\/05\/251202304O4281180.jpg 1350w\" sizes=\"(max-width: 640px) 100vw, 400px\" \/><\/span><\/div><\/div><\/div><div class=\"fusion-layout-column fusion_builder_column fusion-builder-column-1 fusion_builder_column_1_3 1_3 fusion-flex-column\" style=\"--awb-bg-size:cover;--awb-width-large:33.333333333333%;--awb-margin-top-large:0px;--awb-spacing-right-large:5.76%;--awb-margin-bottom-large:20px;--awb-spacing-left-large:5.76%;--awb-width-medium:33.333333333333%;--awb-order-medium:0;--awb-spacing-right-medium:5.76%;--awb-spacing-left-medium:5.76%;--awb-width-small:100%;--awb-order-small:0;--awb-spacing-right-small:1.92%;--awb-spacing-left-small:1.92%;\"><div class=\"fusion-column-wrapper fusion-column-has-shadow fusion-flex-justify-content-flex-start fusion-content-layout-column\"><div class=\"fusion-image-element \" style=\"--awb-caption-title-size:var(--h2_typography-font-size);--awb-caption-title-transform:var(--h2_typography-text-transform);--awb-caption-title-line-height:var(--h2_typography-line-height);--awb-caption-title-letter-spacing:var(--h2_typography-letter-spacing);\"><span class=\" fusion-imageframe imageframe-none imageframe-2 hover-type-none\"><img decoding=\"async\" width=\"283\" height=\"159\" title=\"251202304O4281077\" src=\"https:\/\/www.diebilderwerkstatt-dsk.de\/wp-content\/uploads\/2023\/11\/251202304O4281077.jpg\" alt class=\"img-responsive wp-image-745\" srcset=\"https:\/\/www.diebilderwerkstatt-dsk.de\/wp-content\/uploads\/2023\/11\/251202304O4281077-200x112.jpg 200w, https:\/\/www.diebilderwerkstatt-dsk.de\/wp-content\/uploads\/2023\/11\/251202304O4281077.jpg 283w\" sizes=\"(max-width: 640px) 100vw, 283px\" \/><\/span><\/div><\/div><\/div><div class=\"fusion-layout-column fusion_builder_column fusion-builder-column-2 fusion_builder_column_1_3 1_3 fusion-flex-column\" style=\"--awb-bg-size:cover;--awb-width-large:33.333333333333%;--awb-margin-top-large:0px;--awb-spacing-right-large:5.76%;--awb-margin-bottom-large:20px;--awb-spacing-left-large:5.76%;--awb-width-medium:33.333333333333%;--awb-order-medium:0;--awb-spacing-right-medium:5.76%;--awb-spacing-left-medium:5.76%;--awb-width-small:100%;--awb-order-small:0;--awb-spacing-right-small:1.92%;--awb-spacing-left-small:1.92%;\"><div class=\"fusion-column-wrapper fusion-column-has-shadow fusion-flex-justify-content-flex-start fusion-content-layout-column\"><div class=\"fusion-image-element \" style=\"--awb-caption-title-size:var(--h2_typography-font-size);--awb-caption-title-transform:var(--h2_typography-text-transform);--awb-caption-title-line-height:var(--h2_typography-line-height);--awb-caption-title-letter-spacing:var(--h2_typography-letter-spacing);\"><span class=\" fusion-imageframe imageframe-none imageframe-3 hover-type-none\"><img decoding=\"async\" width=\"283\" height=\"189\" title=\"00120230400911\" src=\"https:\/\/www.diebilderwerkstatt-dsk.de\/wp-content\/uploads\/2023\/11\/00120230400911.jpg\" alt class=\"img-responsive wp-image-741\" srcset=\"https:\/\/www.diebilderwerkstatt-dsk.de\/wp-content\/uploads\/2023\/11\/00120230400911-200x134.jpg 200w, https:\/\/www.diebilderwerkstatt-dsk.de\/wp-content\/uploads\/2023\/11\/00120230400911.jpg 283w\" sizes=\"(max-width: 640px) 100vw, 283px\" \/><\/span><\/div><\/div><\/div><\/div><\/div><div class=\"fusion-fullwidth fullwidth-box fusion-builder-row-2 fusion-flex-container nonhundred-percent-fullwidth non-hundred-percent-height-scrolling\" style=\"--awb-border-radius-top-left:0px;--awb-border-radius-top-right:0px;--awb-border-radius-bottom-right:0px;--awb-border-radius-bottom-left:0px;\" ><div class=\"fusion-builder-row fusion-row fusion-flex-align-items-flex-start\" style=\"max-width:1352px;margin-left: calc(-4% \/ 2 );margin-right: calc(-4% \/ 2 );\"><div class=\"fusion-layout-column fusion_builder_column fusion-builder-column-3 fusion_builder_column_1_1 1_1 fusion-flex-column\" style=\"--awb-bg-blend:overlay;--awb-bg-size:cover;--awb-width-large:100%;--awb-margin-top-large:0px;--awb-spacing-right-large:1.92%;--awb-margin-bottom-large:0px;--awb-spacing-left-large:1.92%;--awb-width-medium:100%;--awb-spacing-right-medium:1.92%;--awb-spacing-left-medium:1.92%;--awb-width-small:100%;--awb-spacing-right-small:1.92%;--awb-spacing-left-small:1.92%;\"><div class=\"fusion-column-wrapper fusion-flex-justify-content-flex-start fusion-content-layout-column\"><div class=\"fusion-text fusion-text-1\"><p><span style=\"font-weight: normal;\"><span style=\"letter-spacing: 0.24px; line-height: 27.52px; font-size: 16px;\" data-fusion-font=\"true\">Gutes tun, Spa\u00df dabeihaben \u2013 und schlie\u00dflich noch ein Original-Kunstwerk als Weihnachtsgeschenk ersteigern und mit nach Hause bringen: Das verspricht<\/span><br \/>\n<\/span><\/p>\n<p style=\"letter-spacing: 0.24px; line-height: 27.52px;\" data-fusion-font=\"true\"><span style=\"font-weight: normal; font-size: 16px;\" data-fusion-font=\"true\">die Galerie kubiKunst am 2. Dezember 2023 ab 19.00 Uhr. Kunstfreunde, Auktions-Kiebitze und M\u00e4zene sind herzlich willkommen. Der Eintritt ist frei.<\/span><\/p>\n<h6><span style=\"font-size: 24px;\" data-fusion-font=\"true\">\u201eSchn\u00e4ppchen &amp; H\u00e4ppchen\u201c <\/span><span style=\"color: var(--h4_typography-color); font-family: var(--h4_typography-font-family); font-size: var(--h4_typography-font-size); font-style: var(--h4_typography-font-style,normal); font-weight: var(--h4_typography-font-weight); letter-spacing: var(--h4_typography-letter-spacing); text-transform: var(--h4_typography-text-transform); text-align: var(--awb-content-alignment); background-color: var(--awb-bg-color);\"><span style=\"font-size: 24px;\" data-fusion-font=\"true\">f\u00fcr einen guten Zweck<\/span> <\/span><\/h6>\n<p>Es geht um neue Spiele f\u00fcr die Stadtbibliothek und um neue Instrumente f\u00fcr die M\u00f6ssinger Jugendmusikschule. Nein \u2013 halt! Es geht eigentlich erst einmal um Kunst und die Freude daran, sie zu entdecken und zu besitzen. \u201eWir wollen diese Elemente in unserer diesj\u00e4hrigen Weihnachtsaktion verbinden\u201c erkl\u00e4rt Dorothea Kubik. Die Galeristin hat sich f\u00fcr den 2. Dezember 2023 etwas Besonderes ausgedacht: Eine Kunstauktion f\u00fcr einen guten Zweck \u2013 und dazu noch ein Treffen f\u00fcr Kunstfreunde. \u201eSchn\u00e4ppchen und H\u00e4ppchen\u201c ist der vielsagende Titel \u2013 neben Wein und kleinen K\u00f6stlichkeiten warten auf die Besucher insgesamt vier Bilder, die zur Versteigerung kommen.<\/p>\n<p>Die Besucher und Besucherinnen w\u00e4hlen die Bilder aus<\/p>\n<p>Der Abend verspricht ungew\u00f6hnlich unterhaltsam zu werden \u2013 wie immer, wenn die Galerie kubiKunst einl\u00e4dt. Das beginnt schon beim Ablauf der Versteigerung. Aus der aktuellen Ausstellung und neuen Werken, w\u00e4hlen alle anwesenden Besucher, vier der acht zur Wahl stehenden Bilder aus, die dann zur Versteigerung aufgerufen werden\u201c, erkl\u00e4rt die Galeristin.<\/p>\n<p>Bei den Kunstwerken handelt es sich durchwegs um Originale von zwei Kunstschaffenden aus Hechingen und M\u00f6ssingen \u2013 Margarete Kipp-Lenkeit und Wolfgang Klink. Beide zeigen ungew\u00f6hnlich feinf\u00fchlige wie kraftvolle Kompositionen in der aktuellen Ausstellung von kubiKunst. \u201eWir wollten vor Weihnachten ein Zeichen setzen, dass Freude an der Kunst, geselliges Beisammensein und ein guter Zweck hervorragend zusammenpassen\u201c, sagt K\u00fcnstler Wolfgang Klink. Er und seine Kollegin Margarete Kipp-Lenkeit sind die gro\u00dfz\u00fcgigen Spender, von jeweils zwei Werken, die zur Auktion kommen. Die beiden Kunstschaffenden geben gerne Auskunft zum Werdegang ihrer Arbeiten.<\/p>\n<p>Die Einstiegspreise liegen deutlich unter den Verkaufspreisen.<\/p>\n<p>Gute Unterhaltung garantiert<\/p>\n<p>Der Reinerl\u00f6s der Auktion geht die M\u00f6ssinger Stadtbibliothek und an die Jugendmusikschule. Frau Krimmel-Diem (Stadtbibliothek) und Herr Schnitzer (JMS) werden ihre Projekte kurz vorstellen. \u201eAuch wer nicht mitsteigern will, ist nat\u00fcrlich herzlich willkommen und kommt auf seine Kosten\u201c verspricht Galeristin Kubik. \u201eDenn wenn sich Kunstinteressierte in der Galerie treffen, gibt es immer einen spannenden Austausch untereinander!\u201c Zumal die Auktion selbst, geleitet von Prof. Dr. Christoph Fasel, ein unterhaltsames und vergn\u00fcgliches Spektakel werden wird.<\/p>\n<p>Wo:<\/p>\n<h6 style=\"color: #141617;\">Galerie kubiKunst \/Die Bilderwerkstatt<br \/>\nAuf der Lehr 33, M\u00f6ssingen<br \/>\nBeginn: 19.00 Uhr<\/h6>\n<\/div><div class=\"fusion-image-element \" style=\"--awb-caption-title-size:var(--h2_typography-font-size);--awb-caption-title-transform:var(--h2_typography-text-transform);--awb-caption-title-line-height:var(--h2_typography-line-height);--awb-caption-title-letter-spacing:var(--h2_typography-letter-spacing);\"><span class=\" fusion-imageframe imageframe-none imageframe-4 hover-type-none\"><img decoding=\"async\" width=\"212\" height=\"300\" title=\"20231124_Einladungsplakat_03_A4_1\" src=\"https:\/\/www.diebilderwerkstatt-dsk.de\/wp-content\/uploads\/2023\/11\/20231124_Einladungsplakat_03_A4_1-212x300.jpg\" alt class=\"img-responsive wp-image-746\" srcset=\"https:\/\/www.diebilderwerkstatt-dsk.de\/wp-content\/uploads\/2023\/11\/20231124_Einladungsplakat_03_A4_1-200x283.jpg 200w, https:\/\/www.diebilderwerkstatt-dsk.de\/wp-content\/uploads\/2023\/11\/20231124_Einladungsplakat_03_A4_1-400x565.jpg 400w, https:\/\/www.diebilderwerkstatt-dsk.de\/wp-content\/uploads\/2023\/11\/20231124_Einladungsplakat_03_A4_1-600x848.jpg 600w, https:\/\/www.diebilderwerkstatt-dsk.de\/wp-content\/uploads\/2023\/11\/20231124_Einladungsplakat_03_A4_1-800x1131.jpg 800w, https:\/\/www.diebilderwerkstatt-dsk.de\/wp-content\/uploads\/2023\/11\/20231124_Einladungsplakat_03_A4_1.jpg 827w\" sizes=\"(max-width: 640px) 100vw, 212px\" \/><\/span><\/div><\/div><\/div><\/div><\/div><\/p>\n","protected":false},"excerpt":{"rendered":"","protected":false},"author":1,"featured_media":0,"parent":0,"menu_order":0,"comment_status":"closed","ping_status":"closed","template":"100-width.php","meta":{"footnotes":""},"class_list":["post-740","page","type-page","status-publish","hentry"],"_links":{"self":[{"href":"https:\/\/www.diebilderwerkstatt-dsk.de\/index.php\/wp-json\/wp\/v2\/pages\/740","targetHints":{"allow":["GET"]}}],"collection":[{"href":"https:\/\/www.diebilderwerkstatt-dsk.de\/index.php\/wp-json\/wp\/v2\/pages"}],"about":[{"href":"https:\/\/www.diebilderwerkstatt-dsk.de\/index.php\/wp-json\/wp\/v2\/types\/page"}],"author":[{"embeddable":true,"href":"https:\/\/www.diebilderwerkstatt-dsk.de\/index.php\/wp-json\/wp\/v2\/users\/1"}],"replies":[{"embeddable":true,"href":"https:\/\/www.diebilderwerkstatt-dsk.de\/index.php\/wp-json\/wp\/v2\/comments?post=740"}],"version-history":[{"count":4,"href":"https:\/\/www.diebilderwerkstatt-dsk.de\/index.php\/wp-json\/wp\/v2\/pages\/740\/revisions"}],"predecessor-version":[{"id":750,"href":"https:\/\/www.diebilderwerkstatt-dsk.de\/index.php\/wp-json\/wp\/v2\/pages\/740\/revisions\/750"}],"wp:attachment":[{"href":"https:\/\/www.diebilderwerkstatt-dsk.de\/index.php\/wp-json\/wp\/v2\/media?parent=740"}],"curies":[{"name":"wp","href":"https:\/\/api.w.org\/{rel}","templated":true}]}}